{"id":21,"date":"2022-05-27T15:40:34","date_gmt":"2022-05-27T13:40:34","guid":{"rendered":"http:\/\/mjc-lislesurtarn.org\/?page_id=21"},"modified":"2025-06-20T15:27:02","modified_gmt":"2025-06-20T13:27:02","slug":"inscriptions","status":"publish","type":"page","link":"https:\/\/mjc-lislesurtarn.org\/index.php\/inscriptions\/","title":{"rendered":"Inscriptions"},"content":{"rendered":"\n<ul class=\"wp-block-list\">\n<li>t\u00e9l\u00e9chargez le formulaire <\/li>\n\n\n\n<li>ramener le formulaire au secr\u00e9tariat les mardis et vendredis de 9h \u00e0 12h15 et de 14h \u00e0 16h30<\/li>\n<\/ul>\n\n\n\n<p> <a rel=\"noreferrer noopener\" href=\"mailto:secretariat.mjc81310@gmail.com\" target=\"_blank\">secretariat.mjc81310@gmail.com<\/a><\/p>\n\n\n\n<div data-wp-interactive=\"core\/file\" class=\"wp-block-file\"><object data-wp-bind--hidden=\"!state.hasPdfPreview\" hidden class=\"wp-block-file__embed\" data=\"https:\/\/mjc-lislesurtarn.org\/wp-content\/uploads\/2025\/06\/Fiche-inscription-2025-2026-2.pdf\" type=\"application\/pdf\" style=\"width:100%;height:600px\" aria-label=\"Contenu embarqu\u00e9 Fiche inscription 2025  2026.\"><\/object><a id=\"wp-block-file--media-206da02f-6a3b-4937-b94a-38bd5db9a574\" href=\"https:\/\/mjc-lislesurtarn.org\/wp-content\/uploads\/2025\/06\/Fiche-inscription-2025-2026-2.pdf\">Fiche inscription 2025  2026<\/a><a href=\"https:\/\/mjc-lislesurtarn.org\/wp-content\/uploads\/2025\/06\/Fiche-inscription-2025-2026-2.pdf\" class=\"wp-block-file__button wp-element-button\" download aria-describedby=\"wp-block-file--media-206da02f-6a3b-4937-b94a-38bd5db9a574\">T\u00e9l\u00e9charger<\/a><\/div>\n\n\n\n<p><\/p>\n","protected":false},"excerpt":{"rendered":"<p>secretariat.mjc81310@gmail.com<\/p>\n","protected":false},"author":1,"featured_media":0,"parent":0,"menu_order":0,"comment_status":"closed","ping_status":"closed","template":"","meta":{"footnotes":""},"class_list":["post-21","page","type-page","status-publish","hentry"],"_links":{"self":[{"href":"https:\/\/mjc-lislesurtarn.org\/index.php\/wp-json\/wp\/v2\/pages\/21","targetHints":{"allow":["GET"]}}],"collection":[{"href":"https:\/\/mjc-lislesurtarn.org\/index.php\/wp-json\/wp\/v2\/pages"}],"about":[{"href":"https:\/\/mjc-lislesurtarn.org\/index.php\/wp-json\/wp\/v2\/types\/page"}],"author":[{"embeddable":true,"href":"https:\/\/mjc-lislesurtarn.org\/index.php\/wp-json\/wp\/v2\/users\/1"}],"replies":[{"embeddable":true,"href":"https:\/\/mjc-lislesurtarn.org\/index.php\/wp-json\/wp\/v2\/comments?post=21"}],"version-history":[{"count":31,"href":"https:\/\/mjc-lislesurtarn.org\/index.php\/wp-json\/wp\/v2\/pages\/21\/revisions"}],"predecessor-version":[{"id":1261,"href":"https:\/\/mjc-lislesurtarn.org\/index.php\/wp-json\/wp\/v2\/pages\/21\/revisions\/1261"}],"wp:attachment":[{"href":"https:\/\/mjc-lislesurtarn.org\/index.php\/wp-json\/wp\/v2\/media?parent=21"}],"curies":[{"name":"wp","href":"https:\/\/api.w.org\/{rel}","templated":true}]}}